{"id":510,"date":"2018-04-24T15:27:01","date_gmt":"2018-04-24T12:27:01","guid":{"rendered":"http:\/\/dev.aventura.md\/?page_id=510"},"modified":"2023-09-04T17:18:30","modified_gmt":"2023-09-04T14:18:30","slug":"safety_rules","status":"publish","type":"page","link":"http:\/\/dev.aventura.md\/ro\/safety_rules\/","title":{"rendered":"(\u0420\u0443\u0441\u0441\u043a\u0438\u0439) \u041f\u0440\u0430\u0432\u0438\u043b\u0430 \u0431\u0435\u0437\u043e\u043f\u0430\u0441\u043d\u043e\u0441\u0442\u0438 \u043d\u0430 \u0441\u043a\u0430\u043b\u043e\u0434\u0440\u043e\u043c\u0435"},"content":{"rendered":"<p class=\"qtranxs-available-languages-message qtranxs-available-languages-message-ro\">Din p\u0103cate acest articol este disponibil doar \u00een <a href=\"http:\/\/dev.aventura.md\/ru\/wp-json\/wp\/v2\/pages\/510\" class=\"qtranxs-available-language-link qtranxs-available-language-link-ru\" title=\"\u0420\u0443\u0441\u0441\u043a\u0438\u0439\">Rus\u0103<\/a>.<\/p>","protected":false},"excerpt":{"rendered":"<p>Din p\u0103cate acest articol este disponibil doar \u00een Rus\u0103.<\/p>\n","protected":false},"author":1,"featured_media":511,"parent":0,"menu_order":0,"comment_status":"closed","ping_status":"closed","template":"","meta":[],"_links":{"self":[{"href":"http:\/\/dev.aventura.md\/ro\/wp-json\/wp\/v2\/pages\/510"}],"collection":[{"href":"http:\/\/dev.aventura.md\/ro\/wp-json\/wp\/v2\/pages"}],"about":[{"href":"http:\/\/dev.aventura.md\/ro\/wp-json\/wp\/v2\/types\/page"}],"author":[{"embeddable":true,"href":"http:\/\/dev.aventura.md\/ro\/wp-json\/wp\/v2\/users\/1"}],"replies":[{"embeddable":true,"href":"http:\/\/dev.aventura.md\/ro\/wp-json\/wp\/v2\/comments?post=510"}],"version-history":[{"count":8,"href":"http:\/\/dev.aventura.md\/ro\/wp-json\/wp\/v2\/pages\/510\/revisions"}],"predecessor-version":[{"id":739,"href":"http:\/\/dev.aventura.md\/ro\/wp-json\/wp\/v2\/pages\/510\/revisions\/739"}],"wp:featuredmedia":[{"embeddable":true,"href":"http:\/\/dev.aventura.md\/ro\/wp-json\/wp\/v2\/media\/511"}],"wp:attachment":[{"href":"http:\/\/dev.aventura.md\/ro\/wp-json\/wp\/v2\/media?parent=510"}],"curies":[{"name":"wp","href":"https:\/\/api.w.org\/{rel}","templated":true}]}}