{"id":597,"date":"2019-12-12T21:32:33","date_gmt":"2019-12-12T18:32:33","guid":{"rendered":"http:\/\/dev.aventura.md\/?page_id=597"},"modified":"2023-05-30T18:31:21","modified_gmt":"2023-05-30T15:31:21","slug":"how_to_start","status":"publish","type":"page","link":"http:\/\/dev.aventura.md\/ro\/how_to_start\/","title":{"rendered":"(\u0420\u0443\u0441\u0441\u043a\u0438\u0439) \u0421 \u0447\u0435\u0433\u043e \u043d\u0430\u0447\u0430\u0442\u044c?"},"content":{"rendered":"<p class=\"qtranxs-available-languages-message qtranxs-available-languages-message-ro\">Din p\u0103cate acest articol este disponibil doar \u00een <a href=\"http:\/\/dev.aventura.md\/ru\/wp-json\/wp\/v2\/pages\/597\" class=\"qtranxs-available-language-link qtranxs-available-language-link-ru\" title=\"\u0420\u0443\u0441\u0441\u043a\u0438\u0439\">Rus\u0103<\/a>.<\/p>","protected":false},"excerpt":{"rendered":"<p>Din p\u0103cate acest articol este disponibil doar \u00een Rus\u0103.<\/p>\n","protected":false},"author":1,"featured_media":0,"parent":0,"menu_order":0,"comment_status":"closed","ping_status":"closed","template":"page-templates\/no-sidebar.php","meta":[],"_links":{"self":[{"href":"http:\/\/dev.aventura.md\/ro\/wp-json\/wp\/v2\/pages\/597"}],"collection":[{"href":"http:\/\/dev.aventura.md\/ro\/wp-json\/wp\/v2\/pages"}],"about":[{"href":"http:\/\/dev.aventura.md\/ro\/wp-json\/wp\/v2\/types\/page"}],"author":[{"embeddable":true,"href":"http:\/\/dev.aventura.md\/ro\/wp-json\/wp\/v2\/users\/1"}],"replies":[{"embeddable":true,"href":"http:\/\/dev.aventura.md\/ro\/wp-json\/wp\/v2\/comments?post=597"}],"version-history":[{"count":20,"href":"http:\/\/dev.aventura.md\/ro\/wp-json\/wp\/v2\/pages\/597\/revisions"}],"predecessor-version":[{"id":731,"href":"http:\/\/dev.aventura.md\/ro\/wp-json\/wp\/v2\/pages\/597\/revisions\/731"}],"wp:attachment":[{"href":"http:\/\/dev.aventura.md\/ro\/wp-json\/wp\/v2\/media?parent=597"}],"curies":[{"name":"wp","href":"https:\/\/api.w.org\/{rel}","templated":true}]}}