{"id":444,"date":"2018-04-21T00:40:57","date_gmt":"2018-04-20T21:40:57","guid":{"rendered":"http:\/\/dev.aventura.md\/?page_id=444"},"modified":"2025-04-16T17:40:52","modified_gmt":"2025-04-16T14:40:52","slug":"climbing_course","status":"publish","type":"page","link":"https:\/\/dev.aventura.md\/ro\/climbing_course\/","title":{"rendered":"(\u0420\u0443\u0441\u0441\u043a\u0438\u0439) \u041a\u0443\u0440\u0441\u044b \u0441\u043a\u0430\u043b\u043e\u043b\u0430\u0437\u0430\u043d\u0438\u044f"},"content":{"rendered":"<p class=\"qtranxs-available-languages-message qtranxs-available-languages-message-ro\">Din p\u0103cate acest articol este disponibil doar \u00een <a href=\"https:\/\/dev.aventura.md\/ru\/wp-json\/wp\/v2\/pages\/444\" class=\"qtranxs-available-language-link qtranxs-available-language-link-ru\" title=\"\u0420\u0443\u0441\u0441\u043a\u0438\u0439\">Rus\u0103<\/a>.<\/p>","protected":false},"excerpt":{"rendered":"<p>Din p\u0103cate acest articol este disponibil doar \u00een Rus\u0103.<\/p>\n","protected":false},"author":1,"featured_media":445,"parent":0,"menu_order":0,"comment_status":"closed","ping_status":"closed","template":"","meta":[],"_links":{"self":[{"href":"https:\/\/dev.aventura.md\/ro\/wp-json\/wp\/v2\/pages\/444"}],"collection":[{"href":"https:\/\/dev.aventura.md\/ro\/wp-json\/wp\/v2\/pages"}],"about":[{"href":"https:\/\/dev.aventura.md\/ro\/wp-json\/wp\/v2\/types\/page"}],"author":[{"embeddable":true,"href":"https:\/\/dev.aventura.md\/ro\/wp-json\/wp\/v2\/users\/1"}],"replies":[{"embeddable":true,"href":"https:\/\/dev.aventura.md\/ro\/wp-json\/wp\/v2\/comments?post=444"}],"version-history":[{"count":11,"href":"https:\/\/dev.aventura.md\/ro\/wp-json\/wp\/v2\/pages\/444\/revisions"}],"predecessor-version":[{"id":764,"href":"https:\/\/dev.aventura.md\/ro\/wp-json\/wp\/v2\/pages\/444\/revisions\/764"}],"wp:featuredmedia":[{"embeddable":true,"href":"https:\/\/dev.aventura.md\/ro\/wp-json\/wp\/v2\/media\/445"}],"wp:attachment":[{"href":"https:\/\/dev.aventura.md\/ro\/wp-json\/wp\/v2\/media?parent=444"}],"curies":[{"name":"wp","href":"https:\/\/api.w.org\/{rel}","templated":true}]}}